{"id":523,"date":"2025-03-18T09:22:40","date_gmt":"2025-03-18T08:22:40","guid":{"rendered":"http:\/\/agence-m.com\/?post_type=product&#038;p=523"},"modified":"2025-03-31T20:04:11","modified_gmt":"2025-03-31T18:04:11","slug":"lhumanisme-epicurien","status":"publish","type":"product","link":"https:\/\/agence-m.com\/index.php\/product\/lhumanisme-epicurien\/","title":{"rendered":"L\u2019Humanisme \u00e9picurien : Les techniques du changement"},"content":{"rendered":"<p class=\"p1\">Le sens du mot humaniste a chang\u00e9 au cours de l\u2019histoire.<span class=\"Apple-converted-space\">\u00a0 <\/span>\u00c0 notre \u00e9poque, les psychologues et les philosophes humanistes tentent de dresser le cadre d\u2019une v\u00e9ritable science humaine.<\/p>\n<p class=\"p1\">Dans cet ouvrage nous d\u00e9taillerons toutes les techniques du changement personnel, depuis les \u00e9picuriens et les sto\u00efciens, jusqu\u2019aux th\u00e9rapies br\u00e8ves et auto th\u00e9rapies actuelles, afin que chacun puisse se les approprier et travailler \u00e0 sa propre \u00e9volution.<\/p>\n","protected":false},"excerpt":{"rendered":"<p class=\"p3\">Format eBook PDF, format 21\u00d729,5 cm, 60 pages :<br \/>\nEditeur : Agence M \u2013 ISBN : 979-10-94300-06-0<\/p>\n<p class=\"p3\">Prix : 3 euros.<br \/>\nEnvoy\u00e9 directement par email<\/p>\n<hr \/>\n<p>Format Livre, format 21\u00d713 cm, 60 pages.<br \/>\nEditeur : Agence M \u2013 ISBN : 979-10-94300-07-7.<br \/>\nPrix : 15 euros.<br \/>\nParticipation frais de port : 1 euro.<\/p>\n<p class=\"p1\">\n","protected":false},"featured_media":533,"template":"","meta":{"om_disable_all_campaigns":false,"_exactmetrics_skip_tracking":false,"_exactmetrics_sitenote_active":false,"_exactmetrics_sitenote_note":"","_exactmetrics_sitenote_category":0,"_monsterinsights_skip_tracking":false,"_monsterinsights_sitenote_active":false,"_monsterinsights_sitenote_note":"","_monsterinsights_sitenote_category":0,"_uf_show_specific_survey":0,"_uf_disable_surveys":false},"product_brand":[],"product_cat":[23,22],"product_tag":[],"class_list":{"0":"post-523","1":"product","2":"type-product","3":"status-publish","4":"has-post-thumbnail","6":"product_cat-e-book","7":"product_cat-livre","9":"first","10":"instock","11":"shipping-taxable","12":"purchasable","13":"product-type-variable"},"aioseo_notices":[],"_links":{"self":[{"href":"https:\/\/agence-m.com\/index.php\/wp-json\/wp\/v2\/product\/523","targetHints":{"allow":["GET"]}}],"collection":[{"href":"https:\/\/agence-m.com\/index.php\/wp-json\/wp\/v2\/product"}],"about":[{"href":"https:\/\/agence-m.com\/index.php\/wp-json\/wp\/v2\/types\/product"}],"wp:featuredmedia":[{"embeddable":true,"href":"https:\/\/agence-m.com\/index.php\/wp-json\/wp\/v2\/media\/533"}],"wp:attachment":[{"href":"https:\/\/agence-m.com\/index.php\/wp-json\/wp\/v2\/media?parent=523"}],"wp:term":[{"taxonomy":"product_brand","embeddable":true,"href":"https:\/\/agence-m.com\/index.php\/wp-json\/wp\/v2\/product_brand?post=523"},{"taxonomy":"product_cat","embeddable":true,"href":"https:\/\/agence-m.com\/index.php\/wp-json\/wp\/v2\/product_cat?post=523"},{"taxonomy":"product_tag","embeddable":true,"href":"https:\/\/agence-m.com\/index.php\/wp-json\/wp\/v2\/product_tag?post=523"}],"curies":[{"name":"wp","href":"https:\/\/api.w.org\/{rel}","templated":true}]}}