{"id":535,"date":"2025-03-18T15:27:32","date_gmt":"2025-03-18T14:27:32","guid":{"rendered":"http:\/\/agence-m.com\/?post_type=product&#038;p=535"},"modified":"2025-03-29T15:36:23","modified_gmt":"2025-03-29T14:36:23","slug":"le-vertige-de-lamour-complice","status":"publish","type":"product","link":"https:\/\/agence-m.com\/index.php\/product\/le-vertige-de-lamour-complice\/","title":{"rendered":"\u00a0Le vertige de l\u2019amour complice\u00a0"},"content":{"rendered":"<p class=\"p1\">Depuis la lib\u00e9ration de la femme une nouvelle \u00e9motion voit le jour, que l&rsquo;auteur nomme \u00a0\u00bb l&rsquo;amour complice\u00a0\u00bb, tr\u00e8s diff\u00e9rent de l&rsquo;amour possession ou l&rsquo;amour soumission de nos anc\u00eatres.<br \/>\nCet essai d\u00e9veloppe une m\u00e9thode comportementaliste de travail sur soi, permettant une meilleure utilisation du langage en accord avec l&rsquo;amour complice.<\/p>\n<p class=\"p1\">La famille est la premi\u00e8re cellule sociale, dont les rapports de couple sont les m\u00e9canismes, transformer les rapports de force en rapports complices, devient une id\u00e9ologie qui se transmet par mim\u00e9tisme de parents \u00e0 enfants, pour fonder une soci\u00e9t\u00e9.<br \/>\nLe comportement et la morale de l&rsquo;amour complice conduisent vers une soci\u00e9t\u00e9 plus humaniste.<\/p>\n","protected":false},"excerpt":{"rendered":"<p class=\"p1\">De Marc Charbit<\/p>\n<p class=\"p1\">Livre broch\u00e9, couverture souple, format 21\u00d713 cm, 245 pages :<br \/>\nEditeur : Agence M \u2013 ISBN : 979-10-94300-04-6<\/p>\n<p class=\"p1\">Prix : 15 euros<br \/>\nParticipation frais de port : 1 euro<\/p>\n<p>&#8211; &#8211; &#8211; &#8211; &#8211; &#8211;<\/p>\n<p class=\"p1\">Format eBook PDF, format 21\u00d729,5 cm, 96 pages :<br \/>\nEditeur : Agence M \u2013 ISBN : 979-10-94300-05-3<\/p>\n<p class=\"p1\">Prix : 5 euros<br \/>\nEnvoy\u00e9 directement par email<\/p>\n","protected":false},"featured_media":540,"template":"","meta":{"om_disable_all_campaigns":false,"_exactmetrics_skip_tracking":false,"_exactmetrics_sitenote_active":false,"_exactmetrics_sitenote_note":"","_exactmetrics_sitenote_category":0,"_monsterinsights_skip_tracking":false,"_monsterinsights_sitenote_active":false,"_monsterinsights_sitenote_note":"","_monsterinsights_sitenote_category":0,"_uf_show_specific_survey":0,"_uf_disable_surveys":false},"product_brand":[],"product_cat":[23,22],"product_tag":[],"class_list":{"0":"post-535","1":"product","2":"type-product","3":"status-publish","4":"has-post-thumbnail","6":"product_cat-e-book","7":"product_cat-livre","9":"first","10":"instock","11":"shipping-taxable","12":"purchasable","13":"product-type-variable"},"aioseo_notices":[],"_links":{"self":[{"href":"https:\/\/agence-m.com\/index.php\/wp-json\/wp\/v2\/product\/535","targetHints":{"allow":["GET"]}}],"collection":[{"href":"https:\/\/agence-m.com\/index.php\/wp-json\/wp\/v2\/product"}],"about":[{"href":"https:\/\/agence-m.com\/index.php\/wp-json\/wp\/v2\/types\/product"}],"wp:featuredmedia":[{"embeddable":true,"href":"https:\/\/agence-m.com\/index.php\/wp-json\/wp\/v2\/media\/540"}],"wp:attachment":[{"href":"https:\/\/agence-m.com\/index.php\/wp-json\/wp\/v2\/media?parent=535"}],"wp:term":[{"taxonomy":"product_brand","embeddable":true,"href":"https:\/\/agence-m.com\/index.php\/wp-json\/wp\/v2\/product_brand?post=535"},{"taxonomy":"product_cat","embeddable":true,"href":"https:\/\/agence-m.com\/index.php\/wp-json\/wp\/v2\/product_cat?post=535"},{"taxonomy":"product_tag","embeddable":true,"href":"https:\/\/agence-m.com\/index.php\/wp-json\/wp\/v2\/product_tag?post=535"}],"curies":[{"name":"wp","href":"https:\/\/api.w.org\/{rel}","templated":true}]}}