{"id":542,"date":"2025-03-18T15:34:12","date_gmt":"2025-03-18T14:34:12","guid":{"rendered":"http:\/\/agence-m.com\/?post_type=product&#038;p=542"},"modified":"2025-03-31T20:03:06","modified_gmt":"2025-03-31T18:03:06","slug":"ontologie-cyclique-etre-inerte-etre-vivant-et-etre-supreme","status":"publish","type":"product","link":"https:\/\/agence-m.com\/index.php\/product\/ontologie-cyclique-etre-inerte-etre-vivant-et-etre-supreme\/","title":{"rendered":"Ontologie cyclique\u00a0: \u00catre inerte, \u00catre vivant et \u00catre supr\u00eame"},"content":{"rendered":"<p class=\"p1\">Dans leur grande majorit\u00e9, les philosophes consid\u00e8rent qu\u2019il y a continuit\u00e9 entre \u00ab l\u2019\u00eatre\u00a0 inerte, l\u2019\u00eatre vivant, et l\u2019\u00eatre supr\u00eame \u00bb, qu\u2019ils ne diff\u00e8rent que par des changements de degr\u00e9s de puissance, une hypoth\u00e8se fortement appuy\u00e9e par Leibniz. Cette continuit\u00e9 permet de tisser un lien direct entre l\u2019esprit humain et l\u2019esprit Divin.<br \/>\nDans cet ouvrage, l\u2019auteur propose d\u2019explorer l\u2019hypoth\u00e8se inverse, celle d\u2019un changement de nature entre ces trois types d&rsquo;\u00eatres, rep\u00e9rable principalement par des inversions de sym\u00e9trie. Une hypoth\u00e8se qui remettrait en cause certains raisonnements philosophiques.<\/p>\n","protected":false},"excerpt":{"rendered":"<p class=\"p3\">Format eBook PDF, format 21\u00d729,5 cm, 96 pages.<br \/>\nEditeur : Agence M \u2013 ISBN : 979-10-94300-11-4<\/p>\n<p class=\"p3\">Prix : 5 euros.<br \/>\nEnvoy\u00e9 directement par email<\/p>\n<hr \/>\n<p>De Marc Charbit.<\/p>\n<p>Format Livre, format 21\u00d713 cm, 190 pages.<br \/>\nEditeur : Agence M \u2013 ISBN : 979-10-94300-10-7.<br \/>\nPrix : 15 euros.<br \/>\nParticipation frais de port : 1 euro.<\/p>\n","protected":false},"featured_media":545,"template":"","meta":{"om_disable_all_campaigns":false,"_exactmetrics_skip_tracking":false,"_exactmetrics_sitenote_active":false,"_exactmetrics_sitenote_note":"","_exactmetrics_sitenote_category":0,"_monsterinsights_skip_tracking":false,"_monsterinsights_sitenote_active":false,"_monsterinsights_sitenote_note":"","_monsterinsights_sitenote_category":0,"_uf_show_specific_survey":0,"_uf_disable_surveys":false},"product_brand":[],"product_cat":[23,22],"product_tag":[],"class_list":{"0":"post-542","1":"product","2":"type-product","3":"status-publish","4":"has-post-thumbnail","6":"product_cat-e-book","7":"product_cat-livre","9":"first","10":"instock","11":"shipping-taxable","12":"purchasable","13":"product-type-variable"},"aioseo_notices":[],"_links":{"self":[{"href":"https:\/\/agence-m.com\/index.php\/wp-json\/wp\/v2\/product\/542","targetHints":{"allow":["GET"]}}],"collection":[{"href":"https:\/\/agence-m.com\/index.php\/wp-json\/wp\/v2\/product"}],"about":[{"href":"https:\/\/agence-m.com\/index.php\/wp-json\/wp\/v2\/types\/product"}],"wp:featuredmedia":[{"embeddable":true,"href":"https:\/\/agence-m.com\/index.php\/wp-json\/wp\/v2\/media\/545"}],"wp:attachment":[{"href":"https:\/\/agence-m.com\/index.php\/wp-json\/wp\/v2\/media?parent=542"}],"wp:term":[{"taxonomy":"product_brand","embeddable":true,"href":"https:\/\/agence-m.com\/index.php\/wp-json\/wp\/v2\/product_brand?post=542"},{"taxonomy":"product_cat","embeddable":true,"href":"https:\/\/agence-m.com\/index.php\/wp-json\/wp\/v2\/product_cat?post=542"},{"taxonomy":"product_tag","embeddable":true,"href":"https:\/\/agence-m.com\/index.php\/wp-json\/wp\/v2\/product_tag?post=542"}],"curies":[{"name":"wp","href":"https:\/\/api.w.org\/{rel}","templated":true}]}}