{"id":554,"date":"2025-03-18T15:43:57","date_gmt":"2025-03-18T14:43:57","guid":{"rendered":"http:\/\/agence-m.com\/?post_type=product&#038;p=554"},"modified":"2025-03-29T14:35:18","modified_gmt":"2025-03-29T13:35:18","slug":"histoire-de-la-logique","status":"publish","type":"product","link":"https:\/\/agence-m.com\/index.php\/product\/histoire-de-la-logique\/","title":{"rendered":"Histoire de la logique : Du tournant linguistique au tournant descriptif"},"content":{"rendered":"<p class=\"p1\">La logique classique s\u2019\u00e9labore \u00e0 travers Aristote et Kant. Vers 1950, Benveniste d\u00e9monte les cadres logiques d\u2019Aristote, en affirmant qu\u2019ils ne sont que des cat\u00e9gories linguistiques, propres \u00e0 chaque langue. La philosophie analytique s\u2019attache \u00e0 l\u2019analyse du langage et de la logique pour clarifier les probl\u00e8mes philosophiques. Cette d\u00e9couverte fut appel\u00e9e le \u00ab\u00a0tournant linguistique\u00a0\u00bb.<\/p>\n<p class=\"p1\">Plus r\u00e9cemment, l\u2019\u0153uvre de Strawson apporte de nouvelles r\u00e9ponses.<span class=\"Apple-converted-space\">\u00a0 <\/span>Par une m\u00e9taphysique descriptive, il propose, d\u2019une certaine fa\u00e7on, d\u2019en revenir \u00e0 Kant et \u00e0 Aristote. C\u2019est le d\u00e9but du \u00ab\u00a0tournant descriptif\u00a0\u00bb.<\/p>\n","protected":false},"excerpt":{"rendered":"<p class=\"p1\">De Marc Charbit<\/p>\n<p class=\"p1\">Format eBook PDF, format 21\u00d729,5 cm, 50 pages :<\/p>\n<p class=\"p1\">Editeur : Agence M \u2013 ISBN : 979-10-94300-08-4<\/p>\n<p class=\"p1\">Prix : 3 euros<\/p>\n<p class=\"p1\">Envoy\u00e9 directement par email<\/p>\n","protected":false},"featured_media":555,"template":"","meta":{"om_disable_all_campaigns":false,"_exactmetrics_skip_tracking":false,"_exactmetrics_sitenote_active":false,"_exactmetrics_sitenote_note":"","_exactmetrics_sitenote_category":0,"_monsterinsights_skip_tracking":false,"_monsterinsights_sitenote_active":false,"_monsterinsights_sitenote_note":"","_monsterinsights_sitenote_category":0,"_uf_show_specific_survey":0,"_uf_disable_surveys":false},"product_brand":[],"product_cat":[23],"product_tag":[],"class_list":{"0":"post-554","1":"product","2":"type-product","3":"status-publish","4":"has-post-thumbnail","6":"product_cat-e-book","8":"first","9":"instock","10":"downloadable","11":"shipping-taxable","12":"purchasable","13":"product-type-simple"},"aioseo_notices":[],"_links":{"self":[{"href":"https:\/\/agence-m.com\/index.php\/wp-json\/wp\/v2\/product\/554","targetHints":{"allow":["GET"]}}],"collection":[{"href":"https:\/\/agence-m.com\/index.php\/wp-json\/wp\/v2\/product"}],"about":[{"href":"https:\/\/agence-m.com\/index.php\/wp-json\/wp\/v2\/types\/product"}],"wp:featuredmedia":[{"embeddable":true,"href":"https:\/\/agence-m.com\/index.php\/wp-json\/wp\/v2\/media\/555"}],"wp:attachment":[{"href":"https:\/\/agence-m.com\/index.php\/wp-json\/wp\/v2\/media?parent=554"}],"wp:term":[{"taxonomy":"product_brand","embeddable":true,"href":"https:\/\/agence-m.com\/index.php\/wp-json\/wp\/v2\/product_brand?post=554"},{"taxonomy":"product_cat","embeddable":true,"href":"https:\/\/agence-m.com\/index.php\/wp-json\/wp\/v2\/product_cat?post=554"},{"taxonomy":"product_tag","embeddable":true,"href":"https:\/\/agence-m.com\/index.php\/wp-json\/wp\/v2\/product_tag?post=554"}],"curies":[{"name":"wp","href":"https:\/\/api.w.org\/{rel}","templated":true}]}}